{"id":72,"date":"2018-03-29T01:57:20","date_gmt":"2018-03-29T01:57:20","guid":{"rendered":"http:\/\/festivaldelinde.org\/boutique\/?page_id=72"},"modified":"2018-04-11T06:05:59","modified_gmt":"2018-04-11T06:05:59","slug":"boutique","status":"publish","type":"page","link":"https:\/\/festivaldelinde.org\/boutique\/","title":{"rendered":"Home"},"content":{"rendered":"\t\t<div data-elementor-type=\"wp-post\" data-elementor-id=\"72\" class=\"elementor elementor-72 elementor-bc-flex-widget\" data-elementor-settings=\"{&quot;ha_cmc_init_switcher&quot;:&quot;no&quot;}\" data-elementor-post-type=\"page\">\n\t\t\t\t\t\t<section class=\"elementor-section elementor-top-section elementor-element elementor-element-602ab5f elementor-section-stretched elementor-section-full_width elementor-section-height-min-height elementor-section-height-default elementor-section-items-middle\" data-id=\"602ab5f\" data-element_type=\"section\" data-settings=\"{&quot;stretch_section&quot;:&quot;section-stretched&quot;,&quot;background_background&quot;:&quot;classic&quot;,&quot;_ha_eqh_enable&quot;:false}\">\n\t\t\t\t\t\t<div class=\"elementor-container elementor-column-gap-default\">\n\t\t\t\t\t<div class=\"elementor-column elementor-col-100 elementor-top-column elementor-element elementor-element-d066654\" data-id=\"d066654\" data-element_type=\"column\">\n\t\t\t<div class=\"elementor-widget-wrap\">\n\t\t\t\t\t\t\t<\/div>\n\t\t<\/div>\n\t\t\t\t\t<\/div>\n\t\t<\/section>\n\t\t\t\t<section class=\"elementor-section elementor-top-section elementor-element elementor-element-7c248f6 elementor-section-boxed elementor-section-height-default elementor-section-height-default\" data-id=\"7c248f6\" data-element_type=\"section\" data-settings=\"{&quot;_ha_eqh_enable&quot;:false}\">\n\t\t\t\t\t\t<div class=\"elementor-container elementor-column-gap-no\">\n\t\t\t\t\t<div class=\"elementor-column elementor-col-100 elementor-top-column elementor-element elementor-element-b4dc3e5\" data-id=\"b4dc3e5\" data-element_type=\"column\">\n\t\t\t<div class=\"elementor-widget-wrap elementor-element-populated\">\n\t\t\t\t\t\t<div class=\"elementor-element elementor-element-82c437d elementor-widget elementor-widget-shortcode\" data-id=\"82c437d\" data-element_type=\"widget\" data-widget_type=\"shortcode.default\">\n\t\t\t\t<div class=\"elementor-widget-container\">\n\t\t\t\t\t\t\t<div class=\"elementor-shortcode\"><div class=\"woocommerce columns-4 \"><ul class=\"products columns-4\">\n<li class=\"woocommerce-text-align-center woocommerce-image-align-center do-quantity-buttons wc-has-gallery product type-product post-356 status-publish first instock product_cat-autres-livres has-post-thumbnail featured shipping-taxable purchasable product-type-simple\">\n\t<a href=\"https:\/\/festivaldelinde.org\/boutique\/produit\/bhakti-1\/\" class=\"woocommerce-LoopProduct-link woocommerce-loop-product__link\"><img fetchpriority=\"high\" decoding=\"async\" width=\"270\" height=\"405\" src=\"https:\/\/festivaldelinde.org\/boutique\/wp-content\/uploads\/magazine\/bhakti-1-2-270x405.jpg\" class=\"secondary-image attachment-shop-catalog\" alt=\"\" \/><img decoding=\"async\" width=\"270\" height=\"405\" src=\"https:\/\/festivaldelinde.org\/boutique\/wp-content\/uploads\/magazine\/bhakti-1-1-270x405.jpg\" class=\"attachment-woocommerce_thumbnail size-woocommerce_thumbnail\" alt=\"Magazine Bhakti-1\" \/><h2 class=\"woocommerce-loop-product__title\">Bhakti-1<\/h2>\n\t<span class=\"price\"><span class=\"woocommerce-Price-amount amount\"><bdi><span class=\"woocommerce-Price-currencySymbol\">&euro;<\/span>&nbsp;3,00<\/bdi><\/span><\/span>\n<\/a><a href=\"\/boutique\/wp-json\/wp\/v2\/pages\/72?add-to-cart=356\" aria-describedby=\"woocommerce_loop_add_to_cart_link_describedby_356\" data-quantity=\"1\" class=\"button product_type_simple add_to_cart_button ajax_add_to_cart\" data-product_id=\"356\" data-product_sku=\"\" aria-label=\"Ajouter au panier\u00a0: &ldquo;Bhakti-1&rdquo;\" rel=\"nofollow\" data-success_message=\"\u00ab\u00a0Bhakti-1\u00a0\u00bb a \u00e9t\u00e9 ajout\u00e9 \u00e0 votre panier\">Ajouter au panier<\/a>\t<span id=\"woocommerce_loop_add_to_cart_link_describedby_356\" class=\"screen-reader-text\">\n\t\t\t<\/span>\n<\/li>\n<li class=\"woocommerce-text-align-center woocommerce-image-align-center do-quantity-buttons wc-has-gallery product type-product post-217 status-publish instock product_cat-livres-bhaktivedanta has-post-thumbnail featured shipping-taxable purchasable product-type-simple\">\n\t<a href=\"https:\/\/festivaldelinde.org\/boutique\/produit\/par-dela-la-naissance-la-mort\/\" class=\"woocommerce-LoopProduct-link woocommerce-loop-product__link\"><img decoding=\"async\" width=\"270\" height=\"405\" src=\"https:\/\/festivaldelinde.org\/boutique\/wp-content\/uploads\/books-sp\/par-dela-la-naissance-et-la-mort-rear-270x405.jpg\" class=\"secondary-image attachment-shop-catalog\" alt=\"Par-del\u00e0 la Naissance &amp; la Mort\" srcset=\"https:\/\/festivaldelinde.org\/boutique\/wp-content\/uploads\/books-sp\/par-dela-la-naissance-et-la-mort-rear-270x405.jpg 270w, https:\/\/festivaldelinde.org\/boutique\/wp-content\/uploads\/books-sp\/par-dela-la-naissance-et-la-mort-rear-240x360.jpg 240w\" sizes=\"(max-width: 270px) 100vw, 270px\" \/><img loading=\"lazy\" decoding=\"async\" width=\"270\" height=\"405\" src=\"https:\/\/festivaldelinde.org\/boutique\/wp-content\/uploads\/books-sp\/par-dela-la-naissance-et-la-mort-270x405.jpg\" class=\"attachment-woocommerce_thumbnail size-woocommerce_thumbnail\" alt=\"Par-del\u00e0 la Naissance &amp; la Mort\" srcset=\"https:\/\/festivaldelinde.org\/boutique\/wp-content\/uploads\/books-sp\/par-dela-la-naissance-et-la-mort-270x405.jpg 270w, https:\/\/festivaldelinde.org\/boutique\/wp-content\/uploads\/books-sp\/par-dela-la-naissance-et-la-mort-240x360.jpg 240w\" sizes=\"(max-width: 270px) 100vw, 270px\" \/><h2 class=\"woocommerce-loop-product__title\">Par-del\u00e0 la Naissance &#038; la Mort<\/h2>\n\t<span class=\"price\"><span class=\"woocommerce-Price-amount amount\"><bdi><span class=\"woocommerce-Price-currencySymbol\">&euro;<\/span>&nbsp;4,00<\/bdi><\/span><\/span>\n<\/a><a href=\"\/boutique\/wp-json\/wp\/v2\/pages\/72?add-to-cart=217\" aria-describedby=\"woocommerce_loop_add_to_cart_link_describedby_217\" data-quantity=\"1\" class=\"button product_type_simple add_to_cart_button ajax_add_to_cart\" data-product_id=\"217\" data-product_sku=\"\" aria-label=\"Ajouter au panier\u00a0: &ldquo;Par-del\u00e0 la Naissance &amp; la Mort&rdquo;\" rel=\"nofollow\" data-success_message=\"\u00ab\u00a0Par-del\u00e0 la Naissance &amp; la Mort\u00a0\u00bb a \u00e9t\u00e9 ajout\u00e9 \u00e0 votre panier\">Ajouter au panier<\/a>\t<span id=\"woocommerce_loop_add_to_cart_link_describedby_217\" class=\"screen-reader-text\">\n\t\t\t<\/span>\n<\/li>\n<li class=\"woocommerce-text-align-center woocommerce-image-align-center do-quantity-buttons wc-has-gallery product type-product post-216 status-publish instock product_cat-livres-bhaktivedanta has-post-thumbnail featured shipping-taxable purchasable product-type-simple\">\n\t<a href=\"https:\/\/festivaldelinde.org\/boutique\/produit\/le-livre-de-krsna\/\" class=\"woocommerce-LoopProduct-link woocommerce-loop-product__link\"><img loading=\"lazy\" decoding=\"async\" width=\"270\" height=\"405\" src=\"https:\/\/festivaldelinde.org\/boutique\/wp-content\/uploads\/books-sp\/le-livre-de-krsna-rear-270x405.jpg\" class=\"secondary-image attachment-shop-catalog\" alt=\"Le Livre de Krsna\" srcset=\"https:\/\/festivaldelinde.org\/boutique\/wp-content\/uploads\/books-sp\/le-livre-de-krsna-rear-270x405.jpg 270w, https:\/\/festivaldelinde.org\/boutique\/wp-content\/uploads\/books-sp\/le-livre-de-krsna-rear-240x360.jpg 240w\" sizes=\"(max-width: 270px) 100vw, 270px\" \/><img loading=\"lazy\" decoding=\"async\" width=\"270\" height=\"405\" src=\"https:\/\/festivaldelinde.org\/boutique\/wp-content\/uploads\/books-sp\/le-livre-de-krsna-270x405.jpg\" class=\"attachment-woocommerce_thumbnail size-woocommerce_thumbnail\" alt=\"Le Livre de Krsna\" srcset=\"https:\/\/festivaldelinde.org\/boutique\/wp-content\/uploads\/books-sp\/le-livre-de-krsna-270x405.jpg 270w, https:\/\/festivaldelinde.org\/boutique\/wp-content\/uploads\/books-sp\/le-livre-de-krsna-240x360.jpg 240w\" sizes=\"(max-width: 270px) 100vw, 270px\" \/><h2 class=\"woocommerce-loop-product__title\">Le Livre de Krsna<\/h2>\n\t<span class=\"price\"><span class=\"woocommerce-Price-amount amount\"><bdi><span class=\"woocommerce-Price-currencySymbol\">&euro;<\/span>&nbsp;25,00<\/bdi><\/span><\/span>\n<\/a><a href=\"\/boutique\/wp-json\/wp\/v2\/pages\/72?add-to-cart=216\" aria-describedby=\"woocommerce_loop_add_to_cart_link_describedby_216\" data-quantity=\"1\" class=\"button product_type_simple add_to_cart_button ajax_add_to_cart\" data-product_id=\"216\" data-product_sku=\"\" aria-label=\"Ajouter au panier\u00a0: &ldquo;Le Livre de Krsna&rdquo;\" rel=\"nofollow\" data-success_message=\"\u00ab\u00a0Le Livre de Krsna\u00a0\u00bb a \u00e9t\u00e9 ajout\u00e9 \u00e0 votre panier\">Ajouter au panier<\/a>\t<span id=\"woocommerce_loop_add_to_cart_link_describedby_216\" class=\"screen-reader-text\">\n\t\t\t<\/span>\n<\/li>\n<\/ul>\n<\/div><\/div>\n\t\t\t\t\t\t<\/div>\n\t\t\t\t<\/div>\n\t\t\t\t\t<\/div>\n\t\t<\/div>\n\t\t\t\t\t<\/div>\n\t\t<\/section>\n\t\t\t\t<section class=\"elementor-section elementor-top-section elementor-element elementor-element-16823e43 elementor-section-stretched elementor-section-height-min-height elementor-section-boxed elementor-section-height-default elementor-section-items-middle\" data-id=\"16823e43\" data-element_type=\"section\" data-settings=\"{&quot;stretch_section&quot;:&quot;section-stretched&quot;,&quot;background_background&quot;:&quot;video&quot;,&quot;background_video_link&quot;:&quot;https:\\\/\\\/www.youtube.com\\\/watch?v=DSp6zYKZe0o&quot;,&quot;_ha_eqh_enable&quot;:false}\">\n\t\t\t\t\t\t\t\t<div class=\"elementor-background-video-container elementor-hidden-mobile\" aria-hidden=\"true\">\n\t\t\t\t\t\t\t\t\t\t\t\t\t<div class=\"elementor-background-video-embed\"><\/div>\n\t\t\t\t\t\t\t\t\t\t\t\t<\/div>\n\t\t\t\t\t\t\t\t<div class=\"elementor-container elementor-column-gap-default\">\n\t\t\t\t\t<div class=\"elementor-column elementor-col-100 elementor-top-column elementor-element elementor-element-11f544a3\" data-id=\"11f544a3\" data-element_type=\"column\">\n\t\t\t<div class=\"elementor-widget-wrap elementor-element-populated\">\n\t\t\t\t\t\t<div class=\"elementor-element elementor-element-598444f9 elementor-widget elementor-widget-heading\" data-id=\"598444f9\" data-element_type=\"widget\" data-widget_type=\"heading.default\">\n\t\t\t\t<div class=\"elementor-widget-container\">\n\t\t\t\t\t<h3 class=\"elementor-heading-title elementor-size-default\">Bhaktivedanta Store<\/h3>\t\t\t\t<\/div>\n\t\t\t\t<\/div>\n\t\t\t\t<div class=\"elementor-element elementor-element-1a3ad061 elementor-widget elementor-widget-heading\" data-id=\"1a3ad061\" data-element_type=\"widget\" data-widget_type=\"heading.default\">\n\t\t\t\t<div class=\"elementor-widget-container\">\n\t\t\t\t\t<p class=\"elementor-heading-title elementor-size-default\">Livres Bhaktivedanta, Autres Livres, Cuisine, Magazine, Calendrier Vaisnava, Japa M\u00e2la et Sac.<br> \nT\u00e9l\u00e9chargements - Livres Bhaktivedanta, Livres pour Enfant, Cuisine, Magazine, Calendrier Vaisnava, Audio \n\nLivres, Bhajans.<\/p>\t\t\t\t<\/div>\n\t\t\t\t<\/div>\n\t\t\t\t<div class=\"elementor-element elementor-element-3cdf440d elementor-align-center elementor-widget elementor-widget-button\" data-id=\"3cdf440d\" data-element_type=\"widget\" data-widget_type=\"button.default\">\n\t\t\t\t<div class=\"elementor-widget-container\">\n\t\t\t\t\t\t\t\t\t<div class=\"elementor-button-wrapper\">\n\t\t\t\t\t<a class=\"elementor-button elementor-button-link elementor-size-sm\" href=\"#\">\n\t\t\t\t\t\t<span class=\"elementor-button-content-wrapper\">\n\t\t\t\t\t\t<span class=\"elementor-button-icon\">\n\t\t\t\t\t\t\t\t\t<i class=\"fa fa-shopping-bag\" aria-hidden=\"true\"><\/i>\n\t\t\t\t\t\t\t<\/span>\n\t\t\t\t\t\t\t\t\t<span class=\"elementor-button-text\">Voir tous les produits<\/span>\n\t\t\t\t\t<\/span>\n\t\t\t\t\t<\/a>\n\t\t\t\t<\/div>\n\t\t\t\t\t\t\t\t<\/div>\n\t\t\t\t<\/div>\n\t\t\t\t\t<\/div>\n\t\t<\/div>\n\t\t\t\t\t<\/div>\n\t\t<\/section>\n\t\t\t\t<\/div>\n\t\t","protected":false},"excerpt":{"rendered":"<p>Bhaktivedanta Store Livres Bhaktivedanta, Autres Livres, Cuisine, Magazine, Calendrier Vaisnava, Japa M\u00e2la et Sac. T\u00e9l\u00e9chargements &#8211; Livres Bhaktivedanta, Livres pour Enfant, Cuisine, Magazine, Calendrier Vaisnava, Audio Livres, Bhajans. Voir tous les produits<\/p>\n","protected":false},"author":1,"featured_media":0,"parent":0,"menu_order":0,"comment_status":"closed","ping_status":"closed","template":"","meta":{"generate_page_header":"","footnotes":""},"class_list":["post-72","page","type-page","status-publish"],"_links":{"self":[{"href":"https:\/\/festivaldelinde.org\/boutique\/wp-json\/wp\/v2\/pages\/72","targetHints":{"allow":["GET"]}}],"collection":[{"href":"https:\/\/festivaldelinde.org\/boutique\/wp-json\/wp\/v2\/pages"}],"about":[{"href":"https:\/\/festivaldelinde.org\/boutique\/wp-json\/wp\/v2\/types\/page"}],"author":[{"embeddable":true,"href":"https:\/\/festivaldelinde.org\/boutique\/wp-json\/wp\/v2\/users\/1"}],"replies":[{"embeddable":true,"href":"https:\/\/festivaldelinde.org\/boutique\/wp-json\/wp\/v2\/comments?post=72"}],"version-history":[{"count":0,"href":"https:\/\/festivaldelinde.org\/boutique\/wp-json\/wp\/v2\/pages\/72\/revisions"}],"wp:attachment":[{"href":"https:\/\/festivaldelinde.org\/boutique\/wp-json\/wp\/v2\/media?parent=72"}],"curies":[{"name":"wp","href":"https:\/\/api.w.org\/{rel}","templated":true}]}}