{"id":141,"date":"2018-03-30T00:05:20","date_gmt":"2018-03-30T00:05:20","guid":{"rendered":"http:\/\/festivaldelinde.org\/boutique\/?post_type=product&#038;p=141"},"modified":"2018-03-31T04:15:34","modified_gmt":"2018-03-31T04:15:34","slug":"sri-isopanisad","status":"publish","type":"product","link":"https:\/\/festivaldelinde.org\/boutique\/produit\/sri-isopanisad\/","title":{"rendered":"Sri Isopanisad"},"content":{"rendered":"","protected":false},"excerpt":{"rendered":"<p>Joyau des Upanisads, cet ouvrage pr\u00e9sente en 18 mantras les fondements de la connaissance v\u00e9dique. Il a le m\u00e9rite de nous faire conna\u00eetre le courant majeur de l&rsquo;hindouisme : le vaishnavisme, ou vishnouisme<\/p>\n<p>15 x 21cm, 150 pages, 280g, 10 illustrations couleurs, couverture rigide.<\/p>\n","protected":false},"featured_media":211,"template":"","meta":{"generate_page_header":""},"product_brand":[],"product_cat":[16],"product_tag":[],"class_list":{"0":"post-141","1":"product","2":"type-product","3":"status-publish","4":"has-post-thumbnail","6":"product_cat-livres-bhaktivedanta","7":"","8":"woocommerce-text-align-center","9":"woocommerce-image-align-center","10":"do-quantity-buttons","12":"first","13":"instock","14":"shipping-taxable","15":"purchasable","16":"product-type-simple"},"_links":{"self":[{"href":"https:\/\/festivaldelinde.org\/boutique\/wp-json\/wp\/v2\/product\/141","targetHints":{"allow":["GET"]}}],"collection":[{"href":"https:\/\/festivaldelinde.org\/boutique\/wp-json\/wp\/v2\/product"}],"about":[{"href":"https:\/\/festivaldelinde.org\/boutique\/wp-json\/wp\/v2\/types\/product"}],"wp:featuredmedia":[{"embeddable":true,"href":"https:\/\/festivaldelinde.org\/boutique\/wp-json\/wp\/v2\/media\/211"}],"wp:attachment":[{"href":"https:\/\/festivaldelinde.org\/boutique\/wp-json\/wp\/v2\/media?parent=141"}],"wp:term":[{"taxonomy":"product_brand","embeddable":true,"href":"https:\/\/festivaldelinde.org\/boutique\/wp-json\/wp\/v2\/product_brand?post=141"},{"taxonomy":"product_cat","embeddable":true,"href":"https:\/\/festivaldelinde.org\/boutique\/wp-json\/wp\/v2\/product_cat?post=141"},{"taxonomy":"product_tag","embeddable":true,"href":"https:\/\/festivaldelinde.org\/boutique\/wp-json\/wp\/v2\/product_tag?post=141"}],"curies":[{"name":"wp","href":"https:\/\/api.w.org\/{rel}","templated":true}]}}