{"id":142,"date":"2018-03-30T00:41:13","date_gmt":"2018-03-29T19:11:13","guid":{"rendered":"http:\/\/festivaldelinde.org\/boutique\/?post_type=product&#038;p=142"},"modified":"2022-08-29T19:18:50","modified_gmt":"2022-08-29T13:48:50","slug":"introduction-a-la-bhagavad-gita","status":"publish","type":"product","link":"https:\/\/festivaldelinde.org\/boutique\/produit\/introduction-a-la-bhagavad-gita\/","title":{"rendered":"Introduction \u00e0 la Bhagavad-Gita"},"content":{"rendered":"","protected":false},"excerpt":{"rendered":"<p>Introduction au texte mondialement c\u00e9l\u00e8bre de la Bhagavad-Gita, nous permettant d&rsquo;approcher humblement cette oeuvre incomparable de la connaissance spirituelle pour y pr\u00e9parer notre coeur. L&rsquo;univers, le temps et l&rsquo;\u00e9ternit\u00e9, l&rsquo;\u00e2me, le sens de la vie, l&rsquo;amour et la d\u00e9votion&#8230;<\/p>\n<p>11 x 18cm, 60 pages, 70g, couverture souple<\/p>\n","protected":false},"featured_media":203,"template":"","meta":{"generate_page_header":""},"product_brand":[],"product_cat":[40,16],"product_tag":[],"class_list":{"0":"post-142","1":"product","2":"type-product","3":"status-publish","4":"has-post-thumbnail","6":"product_cat-bhagavad-gita","7":"product_cat-livres-bhaktivedanta","8":"","9":"woocommerce-text-align-center","10":"woocommerce-image-align-center","11":"do-quantity-buttons","12":"wc-has-gallery","14":"first","15":"instock","16":"shipping-taxable","17":"purchasable","18":"product-type-simple"},"_links":{"self":[{"href":"https:\/\/festivaldelinde.org\/boutique\/wp-json\/wp\/v2\/product\/142","targetHints":{"allow":["GET"]}}],"collection":[{"href":"https:\/\/festivaldelinde.org\/boutique\/wp-json\/wp\/v2\/product"}],"about":[{"href":"https:\/\/festivaldelinde.org\/boutique\/wp-json\/wp\/v2\/types\/product"}],"wp:featuredmedia":[{"embeddable":true,"href":"https:\/\/festivaldelinde.org\/boutique\/wp-json\/wp\/v2\/media\/203"}],"wp:attachment":[{"href":"https:\/\/festivaldelinde.org\/boutique\/wp-json\/wp\/v2\/media?parent=142"}],"wp:term":[{"taxonomy":"product_brand","embeddable":true,"href":"https:\/\/festivaldelinde.org\/boutique\/wp-json\/wp\/v2\/product_brand?post=142"},{"taxonomy":"product_cat","embeddable":true,"href":"https:\/\/festivaldelinde.org\/boutique\/wp-json\/wp\/v2\/product_cat?post=142"},{"taxonomy":"product_tag","embeddable":true,"href":"https:\/\/festivaldelinde.org\/boutique\/wp-json\/wp\/v2\/product_tag?post=142"}],"curies":[{"name":"wp","href":"https:\/\/api.w.org\/{rel}","templated":true}]}}