{"id":144,"date":"2018-03-30T00:59:37","date_gmt":"2018-03-29T19:29:37","guid":{"rendered":"http:\/\/festivaldelinde.org\/boutique\/?post_type=product&#038;p=144"},"modified":"2022-08-29T19:18:41","modified_gmt":"2022-08-29T13:48:41","slug":"la-bhagavad-gita-edition-pocket","status":"publish","type":"product","link":"https:\/\/festivaldelinde.org\/boutique\/produit\/la-bhagavad-gita-edition-pocket\/","title":{"rendered":"Bhagavad-Gita (\u00e9dition pocket)"},"content":{"rendered":"","protected":false},"excerpt":{"rendered":"<p>La Bhagavad-gita est form\u00e9e d&rsquo;un dialogue entre Sri Krsna, Dieu, la Personne Supr\u00eame, et Arjuna, Son d\u00e9vot, ami intime et disciple. Arjuna interroge Krsna, qui lui r\u00e9pond en exposant la science de la r\u00e9alisation spirituelle.<\/p>\n<p>La Bhagavad-gita fait partie du Mahabharata, que compila Srila Vyasadeva, l&rsquo;avatara-Ecrivain, paru sur Terre il y a 5 000 ans, comme Sri Krsna, pour faire le bien des g\u00e9n\u00e9rations \u00e0 venir en mettant par \u00e9crit la sagesse v\u00e9dique.<\/p>\n<p>Universellement reconnue comme le joyau de le sagesse spirituelle l&rsquo;Inde.<br \/>\n Avec texte sanskrit originel, translit\u00e9ration, traduction mot \u00e0 mot et litt\u00e9raire, explications \u00e9labor\u00e9es.<\/p>\n<p>11 x 18cm, 780 pages, couverture souple, 425g<\/p>\n<p>&nbsp;<\/p>\n<p>&nbsp;<\/p>\n","protected":false},"featured_media":205,"template":"","meta":{"generate_page_header":""},"product_brand":[],"product_cat":[40,16],"product_tag":[],"class_list":{"0":"post-144","1":"product","2":"type-product","3":"status-publish","4":"has-post-thumbnail","6":"product_cat-bhagavad-gita","7":"product_cat-livres-bhaktivedanta","8":"","9":"woocommerce-text-align-center","10":"woocommerce-image-align-center","11":"do-quantity-buttons","12":"wc-has-gallery","14":"first","15":"instock","16":"shipping-taxable","17":"purchasable","18":"product-type-simple"},"_links":{"self":[{"href":"https:\/\/festivaldelinde.org\/boutique\/wp-json\/wp\/v2\/product\/144","targetHints":{"allow":["GET"]}}],"collection":[{"href":"https:\/\/festivaldelinde.org\/boutique\/wp-json\/wp\/v2\/product"}],"about":[{"href":"https:\/\/festivaldelinde.org\/boutique\/wp-json\/wp\/v2\/types\/product"}],"wp:featuredmedia":[{"embeddable":true,"href":"https:\/\/festivaldelinde.org\/boutique\/wp-json\/wp\/v2\/media\/205"}],"wp:attachment":[{"href":"https:\/\/festivaldelinde.org\/boutique\/wp-json\/wp\/v2\/media?parent=144"}],"wp:term":[{"taxonomy":"product_brand","embeddable":true,"href":"https:\/\/festivaldelinde.org\/boutique\/wp-json\/wp\/v2\/product_brand?post=144"},{"taxonomy":"product_cat","embeddable":true,"href":"https:\/\/festivaldelinde.org\/boutique\/wp-json\/wp\/v2\/product_cat?post=144"},{"taxonomy":"product_tag","embeddable":true,"href":"https:\/\/festivaldelinde.org\/boutique\/wp-json\/wp\/v2\/product_tag?post=144"}],"curies":[{"name":"wp","href":"https:\/\/api.w.org\/{rel}","templated":true}]}}