{"id":186,"date":"2018-03-30T19:54:47","date_gmt":"2018-03-30T19:54:47","guid":{"rendered":"http:\/\/festivaldelinde.org\/boutique\/?post_type=product&#038;p=186"},"modified":"2020-06-15T10:50:29","modified_gmt":"2020-06-15T10:50:29","slug":"veggie-chef","status":"publish","type":"product","link":"https:\/\/festivaldelinde.org\/boutique\/produit\/veggie-chef\/","title":{"rendered":"Veggie Chef"},"content":{"rendered":"","protected":false},"excerpt":{"rendered":"<p>D\u00e9couvrez l&rsquo;art de la cuisine v\u00e9g\u00e9tarienne avec ce merveilleux livre dont chaque page de papier glac\u00e9 est d\u00e9cor\u00e9 de couleurs et photos.<\/p>\n<p>La cuisine v\u00e9g\u00e9tarienne est bas\u00e9 sur le principe fondamental de la non violence et est donc une partie int\u00e9grale de la vie spirituelle en harmonie avec le nature et tous les \u00eatres&#8230;et ce fondement de compassion et de respect profond de chaque \u00eatre vivant lui donne une saveur tr\u00e8s particuli\u00e8re qui nous introduit \u00e0 l&rsquo;harmonie de l&rsquo;univers.<\/p>\n<p>19 x 25cm, 140 pages, couverture souple cartonn\u00e9e, 547g, chaque page en photos et en couleurs&#8230;<\/p>\n","protected":false},"featured_media":184,"template":"","meta":{"generate_page_header":""},"product_brand":[],"product_cat":[17],"product_tag":[],"class_list":{"0":"post-186","1":"product","2":"type-product","3":"status-publish","4":"has-post-thumbnail","6":"product_cat-autres-livres","7":"","8":"woocommerce-text-align-center","9":"woocommerce-image-align-center","10":"do-quantity-buttons","11":"wc-has-gallery","13":"first","14":"instock","15":"shipping-taxable","16":"purchasable","17":"product-type-simple"},"_links":{"self":[{"href":"https:\/\/festivaldelinde.org\/boutique\/wp-json\/wp\/v2\/product\/186","targetHints":{"allow":["GET"]}}],"collection":[{"href":"https:\/\/festivaldelinde.org\/boutique\/wp-json\/wp\/v2\/product"}],"about":[{"href":"https:\/\/festivaldelinde.org\/boutique\/wp-json\/wp\/v2\/types\/product"}],"wp:featuredmedia":[{"embeddable":true,"href":"https:\/\/festivaldelinde.org\/boutique\/wp-json\/wp\/v2\/media\/184"}],"wp:attachment":[{"href":"https:\/\/festivaldelinde.org\/boutique\/wp-json\/wp\/v2\/media?parent=186"}],"wp:term":[{"taxonomy":"product_brand","embeddable":true,"href":"https:\/\/festivaldelinde.org\/boutique\/wp-json\/wp\/v2\/product_brand?post=186"},{"taxonomy":"product_cat","embeddable":true,"href":"https:\/\/festivaldelinde.org\/boutique\/wp-json\/wp\/v2\/product_cat?post=186"},{"taxonomy":"product_tag","embeddable":true,"href":"https:\/\/festivaldelinde.org\/boutique\/wp-json\/wp\/v2\/product_tag?post=186"}],"curies":[{"name":"wp","href":"https:\/\/api.w.org\/{rel}","templated":true}]}}