{"id":191,"date":"2018-03-30T21:10:52","date_gmt":"2018-03-30T21:10:52","guid":{"rendered":"http:\/\/festivaldelinde.org\/boutique\/?post_type=product&#038;p=191"},"modified":"2018-03-30T21:12:39","modified_gmt":"2018-03-30T21:12:39","slug":"science-et-conscience","status":"publish","type":"product","link":"https:\/\/festivaldelinde.org\/boutique\/produit\/science-et-conscience\/","title":{"rendered":"Science et Conscience"},"content":{"rendered":"","protected":false},"excerpt":{"rendered":"<p>Srila Bhakti Svarupa Damodara Goswami, \u00e0 la fois moine et docteur en biochimie physique \u00e0 l&rsquo;universit\u00e9 d&rsquo;Irvine en Californie explore la corr\u00e9lation profonde entre science et spiritualit\u00e9, pour d\u00e9montrer qu&rsquo;elles sont r\u00e9alit\u00e9 compl\u00e9mentaires et se nourissent mutuellement, avec une perspicacit\u00e9 boulversante et profond\u00e9ment convainquante. Il r\u00e9pond \u00e0 des questions fondamentales sur la nature de l&rsquo;univers, l&rsquo;existence d&rsquo;une r\u00e9alit\u00e9 non physique et enfin l&rsquo;existence de Dieu, le Scientifique Supr\u00eame.<\/p>\n<p>11 x 18cm, 50 pages, 70g, couverture souple.<\/p>\n","protected":false},"featured_media":188,"template":"","meta":{"generate_page_header":""},"product_brand":[],"product_cat":[17],"product_tag":[],"class_list":{"0":"post-191","1":"product","2":"type-product","3":"status-publish","4":"has-post-thumbnail","6":"product_cat-autres-livres","7":"","8":"woocommerce-text-align-center","9":"woocommerce-image-align-center","10":"do-quantity-buttons","11":"wc-has-gallery","13":"first","14":"instock","15":"shipping-taxable","16":"purchasable","17":"product-type-simple"},"_links":{"self":[{"href":"https:\/\/festivaldelinde.org\/boutique\/wp-json\/wp\/v2\/product\/191","targetHints":{"allow":["GET"]}}],"collection":[{"href":"https:\/\/festivaldelinde.org\/boutique\/wp-json\/wp\/v2\/product"}],"about":[{"href":"https:\/\/festivaldelinde.org\/boutique\/wp-json\/wp\/v2\/types\/product"}],"wp:featuredmedia":[{"embeddable":true,"href":"https:\/\/festivaldelinde.org\/boutique\/wp-json\/wp\/v2\/media\/188"}],"wp:attachment":[{"href":"https:\/\/festivaldelinde.org\/boutique\/wp-json\/wp\/v2\/media?parent=191"}],"wp:term":[{"taxonomy":"product_brand","embeddable":true,"href":"https:\/\/festivaldelinde.org\/boutique\/wp-json\/wp\/v2\/product_brand?post=191"},{"taxonomy":"product_cat","embeddable":true,"href":"https:\/\/festivaldelinde.org\/boutique\/wp-json\/wp\/v2\/product_cat?post=191"},{"taxonomy":"product_tag","embeddable":true,"href":"https:\/\/festivaldelinde.org\/boutique\/wp-json\/wp\/v2\/product_tag?post=191"}],"curies":[{"name":"wp","href":"https:\/\/api.w.org\/{rel}","templated":true}]}}