{"id":216,"date":"2018-03-31T06:13:48","date_gmt":"2018-03-31T06:13:48","guid":{"rendered":"http:\/\/festivaldelinde.org\/boutique\/?post_type=product&#038;p=216"},"modified":"2018-03-31T06:21:03","modified_gmt":"2018-03-31T06:21:03","slug":"le-livre-de-krsna","status":"publish","type":"product","link":"https:\/\/festivaldelinde.org\/boutique\/produit\/le-livre-de-krsna\/","title":{"rendered":"Le Livre de Krsna"},"content":{"rendered":"","protected":false},"excerpt":{"rendered":"<p>La vie et les exploits extraordinaires de Krishna lors de Sa venue en ce monde, il y a plus de 5000 ans. Condens\u00e9 de l&rsquo;illustre dixi\u00e8me Chant du Srimad Bhagavatam. il r\u00e9v\u00e8le les merveilleux divertissements de Sri Krishna \u00e0 Vrindavan. Ces courts r\u00e9cits de la vie de Krishna fascinent l&rsquo;Inde depuis des si\u00e8cles. Ils peuvent \u00eatre appr\u00e9ci\u00e9s par toute la famille.<\/p>\n<p>15 x 21cm,\u00a0812 pages, 917g, couverture rigide<\/p>\n","protected":false},"featured_media":198,"template":"","meta":{"generate_page_header":""},"product_brand":[],"product_cat":[16],"product_tag":[],"class_list":{"0":"post-216","1":"product","2":"type-product","3":"status-publish","4":"has-post-thumbnail","6":"product_cat-livres-bhaktivedanta","7":"","8":"woocommerce-text-align-center","9":"woocommerce-image-align-center","10":"do-quantity-buttons","11":"wc-has-gallery","13":"first","14":"instock","15":"featured","16":"shipping-taxable","17":"purchasable","18":"product-type-simple"},"_links":{"self":[{"href":"https:\/\/festivaldelinde.org\/boutique\/wp-json\/wp\/v2\/product\/216","targetHints":{"allow":["GET"]}}],"collection":[{"href":"https:\/\/festivaldelinde.org\/boutique\/wp-json\/wp\/v2\/product"}],"about":[{"href":"https:\/\/festivaldelinde.org\/boutique\/wp-json\/wp\/v2\/types\/product"}],"wp:featuredmedia":[{"embeddable":true,"href":"https:\/\/festivaldelinde.org\/boutique\/wp-json\/wp\/v2\/media\/198"}],"wp:attachment":[{"href":"https:\/\/festivaldelinde.org\/boutique\/wp-json\/wp\/v2\/media?parent=216"}],"wp:term":[{"taxonomy":"product_brand","embeddable":true,"href":"https:\/\/festivaldelinde.org\/boutique\/wp-json\/wp\/v2\/product_brand?post=216"},{"taxonomy":"product_cat","embeddable":true,"href":"https:\/\/festivaldelinde.org\/boutique\/wp-json\/wp\/v2\/product_cat?post=216"},{"taxonomy":"product_tag","embeddable":true,"href":"https:\/\/festivaldelinde.org\/boutique\/wp-json\/wp\/v2\/product_tag?post=216"}],"curies":[{"name":"wp","href":"https:\/\/api.w.org\/{rel}","templated":true}]}}