{"id":217,"date":"2018-03-31T06:38:44","date_gmt":"2018-03-31T06:38:44","guid":{"rendered":"http:\/\/festivaldelinde.org\/boutique\/?post_type=product&#038;p=217"},"modified":"2018-03-31T11:00:18","modified_gmt":"2018-03-31T11:00:18","slug":"par-dela-la-naissance-la-mort","status":"publish","type":"product","link":"https:\/\/festivaldelinde.org\/boutique\/produit\/par-dela-la-naissance-la-mort\/","title":{"rendered":"Par-del\u00e0 la Naissance &#038; la Mort"},"content":{"rendered":"","protected":false},"excerpt":{"rendered":"<p>Y a-t-il une vie apr\u00e8s la mort?<\/p>\n<p>L&rsquo;autorit\u00e9 v\u00e9dique la plus c\u00e9l\u00e8bre de l&rsquo;Inde pr\u00e9sente des preuves surprenantes du voyage incroyable de l&rsquo;\u00e2me apr\u00e8s la mort. Srila Prabhupada raconte comment l&rsquo;\u00e2me se d\u00e9place d&rsquo;un corps \u00e0 l&rsquo;autre, et comment nous pouvons mettre fin au cycle de la naissance et de la mort en atteignant la demeure ultime du Seigneur Sri Krishna.<\/p>\n<p>Un extrait: \u00ab\u00a0La simple pratique du chant des Noms Divins nous aide \u00e0 prendre conscience de notre v\u00e9ritable nature spirituelle, \u00e0 comprendre ce que sont les univers mat\u00e9riels et spirituels et conna\u00eetre Dieu. Nous pourrons \u00e9galement gr\u00e2ce \u00e0 ce chant r\u00e9aliser peu \u00e0 peu les causes de notre conditionnement dans le monde de la mati\u00e8re\u00a0\u00bb.<\/p>\n<p>11 x 18cm, 50 pages, 59g, couverture souple, <\/p>\n","protected":false},"featured_media":207,"template":"","meta":{"generate_page_header":""},"product_brand":[],"product_cat":[16],"product_tag":[],"class_list":{"0":"post-217","1":"product","2":"type-product","3":"status-publish","4":"has-post-thumbnail","6":"product_cat-livres-bhaktivedanta","7":"","8":"woocommerce-text-align-center","9":"woocommerce-image-align-center","10":"do-quantity-buttons","11":"wc-has-gallery","13":"first","14":"instock","15":"featured","16":"shipping-taxable","17":"purchasable","18":"product-type-simple"},"_links":{"self":[{"href":"https:\/\/festivaldelinde.org\/boutique\/wp-json\/wp\/v2\/product\/217","targetHints":{"allow":["GET"]}}],"collection":[{"href":"https:\/\/festivaldelinde.org\/boutique\/wp-json\/wp\/v2\/product"}],"about":[{"href":"https:\/\/festivaldelinde.org\/boutique\/wp-json\/wp\/v2\/types\/product"}],"wp:featuredmedia":[{"embeddable":true,"href":"https:\/\/festivaldelinde.org\/boutique\/wp-json\/wp\/v2\/media\/207"}],"wp:attachment":[{"href":"https:\/\/festivaldelinde.org\/boutique\/wp-json\/wp\/v2\/media?parent=217"}],"wp:term":[{"taxonomy":"product_brand","embeddable":true,"href":"https:\/\/festivaldelinde.org\/boutique\/wp-json\/wp\/v2\/product_brand?post=217"},{"taxonomy":"product_cat","embeddable":true,"href":"https:\/\/festivaldelinde.org\/boutique\/wp-json\/wp\/v2\/product_cat?post=217"},{"taxonomy":"product_tag","embeddable":true,"href":"https:\/\/festivaldelinde.org\/boutique\/wp-json\/wp\/v2\/product_tag?post=217"}],"curies":[{"name":"wp","href":"https:\/\/api.w.org\/{rel}","templated":true}]}}