{"id":224,"date":"2018-03-31T11:32:33","date_gmt":"2018-03-31T11:32:33","guid":{"rendered":"http:\/\/festivaldelinde.org\/boutique\/?post_type=product&#038;p=224"},"modified":"2018-04-01T14:45:44","modified_gmt":"2018-04-01T14:45:44","slug":"le-srimad-bhagavatam-chant-1-2-vol","status":"publish","type":"product","link":"https:\/\/festivaldelinde.org\/boutique\/produit\/le-srimad-bhagavatam-chant-1-2-vol\/","title":{"rendered":"Srimad-Bhagavatam Chant 1"},"content":{"rendered":"","protected":false},"excerpt":{"rendered":"<p>Le Srimad-Bhagavatam est le fruit m\u00fbr de l&rsquo;arbre des lettres v\u00e9diques. Description de l&rsquo;univers et des syst\u00e8mes plan\u00e9taires, vision du devenir cosmique, yoga, d\u00e9votion (bhakti), etc&#8230;.. Tout est illustr\u00e9 par de nombreux r\u00e9cits rendant les le\u00e7ons les plus ardues ais\u00e9ment accessibles \u00e0 tous.<\/p>\n<p> 15 x 21cm,\u00a0 1,219kg, 2 Volumes, Plus de 1100 pages, 42 illustrations couleurs,<\/p>\n","protected":false},"featured_media":202,"template":"","meta":{"generate_page_header":""},"product_brand":[],"product_cat":[16],"product_tag":[],"class_list":{"0":"post-224","1":"product","2":"type-product","3":"status-publish","4":"has-post-thumbnail","6":"product_cat-livres-bhaktivedanta","7":"","8":"woocommerce-text-align-center","9":"woocommerce-image-align-center","10":"do-quantity-buttons","11":"wc-has-gallery","13":"first","14":"instock","15":"shipping-taxable","16":"purchasable","17":"product-type-simple"},"_links":{"self":[{"href":"https:\/\/festivaldelinde.org\/boutique\/wp-json\/wp\/v2\/product\/224","targetHints":{"allow":["GET"]}}],"collection":[{"href":"https:\/\/festivaldelinde.org\/boutique\/wp-json\/wp\/v2\/product"}],"about":[{"href":"https:\/\/festivaldelinde.org\/boutique\/wp-json\/wp\/v2\/types\/product"}],"wp:featuredmedia":[{"embeddable":true,"href":"https:\/\/festivaldelinde.org\/boutique\/wp-json\/wp\/v2\/media\/202"}],"wp:attachment":[{"href":"https:\/\/festivaldelinde.org\/boutique\/wp-json\/wp\/v2\/media?parent=224"}],"wp:term":[{"taxonomy":"product_brand","embeddable":true,"href":"https:\/\/festivaldelinde.org\/boutique\/wp-json\/wp\/v2\/product_brand?post=224"},{"taxonomy":"product_cat","embeddable":true,"href":"https:\/\/festivaldelinde.org\/boutique\/wp-json\/wp\/v2\/product_cat?post=224"},{"taxonomy":"product_tag","embeddable":true,"href":"https:\/\/festivaldelinde.org\/boutique\/wp-json\/wp\/v2\/product_tag?post=224"}],"curies":[{"name":"wp","href":"https:\/\/api.w.org\/{rel}","templated":true}]}}