{"id":274,"date":"2018-04-01T08:15:04","date_gmt":"2018-04-01T08:15:04","guid":{"rendered":"http:\/\/festivaldelinde.org\/boutique\/?post_type=product&#038;p=274"},"modified":"2018-04-01T11:44:43","modified_gmt":"2018-04-01T11:44:43","slug":"le-gout-superieur","status":"publish","type":"product","link":"https:\/\/festivaldelinde.org\/boutique\/produit\/le-gout-superieur\/","title":{"rendered":"Le Go\u00fbt Sup\u00e9rieur"},"content":{"rendered":"","protected":false},"excerpt":{"rendered":"<p>Ce livre s&#039;adresse \u00e0 tous ceux qui souhaitent d\u00e9couvrir un go\u00fbt sup\u00e9rieur dans leur vie \u00e0 travers une alimentation saine et \u00e9quilibr\u00e9e. Le Go\u00fbt Sup\u00e9rieur demontre avec clart\u00e9 les bienfaits du v\u00e9g\u00e9tarisme: une alimentation plus \u00e9conomique, une existence bas\u00e9e sur le respect de la vie, un mode de vie plus pur.<\/p>\n<p> Adaptation du Livre \u201c The Higher Taste\u201d \u00e9crit par Michael Cremo et Austin Grant.<br \/>\n 156 pages, couverture rigide, 56 recettes, 486g. <\/p>\n","protected":false},"featured_media":279,"template":"","meta":{"generate_page_header":""},"product_brand":[],"product_cat":[17],"product_tag":[],"class_list":{"0":"post-274","1":"product","2":"type-product","3":"status-publish","4":"has-post-thumbnail","6":"product_cat-autres-livres","7":"","8":"woocommerce-text-align-center","9":"woocommerce-image-align-center","10":"do-quantity-buttons","12":"first","13":"instock","14":"shipping-taxable","15":"purchasable","16":"product-type-simple"},"_links":{"self":[{"href":"https:\/\/festivaldelinde.org\/boutique\/wp-json\/wp\/v2\/product\/274","targetHints":{"allow":["GET"]}}],"collection":[{"href":"https:\/\/festivaldelinde.org\/boutique\/wp-json\/wp\/v2\/product"}],"about":[{"href":"https:\/\/festivaldelinde.org\/boutique\/wp-json\/wp\/v2\/types\/product"}],"wp:featuredmedia":[{"embeddable":true,"href":"https:\/\/festivaldelinde.org\/boutique\/wp-json\/wp\/v2\/media\/279"}],"wp:attachment":[{"href":"https:\/\/festivaldelinde.org\/boutique\/wp-json\/wp\/v2\/media?parent=274"}],"wp:term":[{"taxonomy":"product_brand","embeddable":true,"href":"https:\/\/festivaldelinde.org\/boutique\/wp-json\/wp\/v2\/product_brand?post=274"},{"taxonomy":"product_cat","embeddable":true,"href":"https:\/\/festivaldelinde.org\/boutique\/wp-json\/wp\/v2\/product_cat?post=274"},{"taxonomy":"product_tag","embeddable":true,"href":"https:\/\/festivaldelinde.org\/boutique\/wp-json\/wp\/v2\/product_tag?post=274"}],"curies":[{"name":"wp","href":"https:\/\/api.w.org\/{rel}","templated":true}]}}