{"id":276,"date":"2018-04-01T11:08:06","date_gmt":"2018-04-01T11:08:06","guid":{"rendered":"http:\/\/festivaldelinde.org\/boutique\/?post_type=product&#038;p=276"},"modified":"2018-04-01T11:08:06","modified_gmt":"2018-04-01T11:08:06","slug":"gloire-et-mystere-de-linde","status":"publish","type":"product","link":"https:\/\/festivaldelinde.org\/boutique\/produit\/gloire-et-mystere-de-linde\/","title":{"rendered":"Gloire et myst\u00e8re de l&rsquo;Inde"},"content":{"rendered":"","protected":false},"excerpt":{"rendered":"<p>C&rsquo;est une \u00e9tude \u00e0 la fois concise et parfaitement document\u00e9e sur le vishnouisme, dont les adeptes constituent soixante-dix pour cent des 900 millions d&rsquo;hindous dans le monde (selon l&rsquo; Encyclopedia Britannica). Un cadeau parfait, ce livre de lecture agr\u00e9able contient beaucoup d&rsquo;images color\u00e9es. Il est facile \u00e0 lire, aucun article ne fait plus de deux pages.<\/p>\n<p>Sujets abord\u00e9s:<br \/>\n \u2022 Les textes ancestraux de l&rsquo;Inde<br \/>\n \u2022 Krishna: l&rsquo;Amant Divin<br \/>\n \u2022 Les formes masculines et f\u00e9minines du Divin<br \/>\n \u2022 Les 33 millions de d\u00e9vas de l&rsquo;Inde<br \/>\n \u2022 Karma et r\u00e9incarnation<br \/>\n \u2022 Ahimsa et v\u00e9g\u00e9tarisme<br \/>\n \u2022 L&rsquo;astrologie v\u00e9dique<br \/>\n \u2022 L&rsquo;identit\u00e9 de Bouddha<br \/>\n \u2022 La m\u00e9dicine ayurv\u00e9dique<br \/>\n \u2022 Po\u00e9sie, arts, th\u00e9\u00e2tre, danse et musique<br \/>\n \u2022 Les myst\u00e8res du temps et de l&rsquo;espace<br \/>\n \u2022 Temples sacr\u00e9s et lieux saints<br \/>\n \u2022 Yoga mystique et m\u00e9ditation<br \/>\n \u2022 Le pouvoir des mantras<\/p>\n<p>Un cadeau parfait, ce livre contient des images beaucoup plus par page que vous pouvez imaginer. Cette pr\u00e9sentation richement illustr\u00e9 pr\u00e9sente beaucoup de type de couleur et des graphiques splashy. Lecture facile, car aucun article n&rsquo;est plus de deux pages.<\/p>\n<p>14 x 21cm, 192 pages, toutes pages avec images color\u00e9s, couverture souple, 0,42 KG<\/p>\n","protected":false},"featured_media":189,"template":"","meta":{"generate_page_header":""},"product_brand":[],"product_cat":[17],"product_tag":[],"class_list":{"0":"post-276","1":"product","2":"type-product","3":"status-publish","4":"has-post-thumbnail","6":"product_cat-autres-livres","7":"","8":"woocommerce-text-align-center","9":"woocommerce-image-align-center","10":"do-quantity-buttons","11":"wc-has-gallery","13":"first","14":"instock","15":"shipping-taxable","16":"purchasable","17":"product-type-simple"},"_links":{"self":[{"href":"https:\/\/festivaldelinde.org\/boutique\/wp-json\/wp\/v2\/product\/276","targetHints":{"allow":["GET"]}}],"collection":[{"href":"https:\/\/festivaldelinde.org\/boutique\/wp-json\/wp\/v2\/product"}],"about":[{"href":"https:\/\/festivaldelinde.org\/boutique\/wp-json\/wp\/v2\/types\/product"}],"wp:featuredmedia":[{"embeddable":true,"href":"https:\/\/festivaldelinde.org\/boutique\/wp-json\/wp\/v2\/media\/189"}],"wp:attachment":[{"href":"https:\/\/festivaldelinde.org\/boutique\/wp-json\/wp\/v2\/media?parent=276"}],"wp:term":[{"taxonomy":"product_brand","embeddable":true,"href":"https:\/\/festivaldelinde.org\/boutique\/wp-json\/wp\/v2\/product_brand?post=276"},{"taxonomy":"product_cat","embeddable":true,"href":"https:\/\/festivaldelinde.org\/boutique\/wp-json\/wp\/v2\/product_cat?post=276"},{"taxonomy":"product_tag","embeddable":true,"href":"https:\/\/festivaldelinde.org\/boutique\/wp-json\/wp\/v2\/product_tag?post=276"}],"curies":[{"name":"wp","href":"https:\/\/api.w.org\/{rel}","templated":true}]}}